{"id":1718,"date":"2022-02-13T21:39:21","date_gmt":"2022-02-13T20:39:21","guid":{"rendered":"http:\/\/lebenswertes-murgtal.de\/ttg\/?page_id=1718"},"modified":"2025-06-13T16:01:44","modified_gmt":"2025-06-13T14:01:44","slug":"impressum","status":"publish","type":"page","link":"http:\/\/www.teamtraining-gaggenau.de\/?page_id=1718","title":{"rendered":"Impressum"},"content":{"rendered":"\n<p><strong>Impressum<br>Angaben gem\u00e4\u00df \u00a7 5 TMG:<\/strong><\/p>\n\n\n\n<p>Gesch\u00e4ftsf\u00fchrer, Herr Andreas Seitz<\/p>\n\n\n\n<p><br>Lebenswertes Murgtal e.V. &#8211; Verein f\u00fcr Pr\u00e4vention und Sicherheit<\/p>\n\n\n\n<p>http:\/\/lebenswertes-murgtal.de\/<\/p>\n\n\n\n<p>E-Mail: andreas.seitz@lebenswertes-murgtal.de<br><a href=\"Telefon: 07225 \/ 3614\">Telefon:<\/a> 07225 \/ 3614<\/p>\n\n\n\n<p><strong>Quellenangaben f\u00fcr die verwendeten Bilder und Grafiken:<\/strong><\/p>\n\n\n\n<ul class=\"wp-block-list\">\n<li>Pixabay\u00a0<a href=\"https:\/\/pixabay.com\/de\/\" target=\"_blank\" rel=\"noreferrer noopener\">https:\/\/pixabay.com\/de\/<\/a>\u00a0<\/li>\n<\/ul>\n\n\n\n<p><strong>Erkl\u00e4rung zur Barrierefreiheit:<\/strong><br>Wir bem\u00fchen uns, unsere Webseite gem\u00e4\u00df den Anforderungen der\u00a0<strong>WCAG 2.1<\/strong>\u00a0und der\u00a0<strong>Barrierefreiheitsst\u00e4rkungsgesetzes (BFSG)<\/strong>\u00a0barrierefrei zu gestalten. Sollten Ihnen dennoch Barrieren auffallen, kontaktieren Sie uns bitte unter kontakt@lebenswertes-murgtal.de, damit wir diese beheben k\u00f6nnen.<\/p>\n\n\n\n<p><\/p>\n","protected":false},"excerpt":{"rendered":"<p>ImpressumAngaben gem\u00e4\u00df \u00a7 5 TMG: Gesch\u00e4ftsf\u00fchrer, Herr Andreas Seitz Lebenswertes Murgtal e.V. &#8211; Verein f\u00fcr Pr\u00e4vention und Sicherheit http:\/\/lebenswertes-murgtal.de\/ E-Mail: andreas.seitz@lebenswertes-murgtal.deTelefon: 07225 \/ 3614 Quellenangaben f\u00fcr die verwendeten Bilder und Grafiken: Erkl\u00e4rung zur Barrierefreiheit:Wir bem\u00fchen uns, unsere Webseite gem\u00e4\u00df den Anforderungen der\u00a0WCAG 2.1\u00a0und der\u00a0Barrierefreiheitsst\u00e4rkungsgesetzes (BFSG)\u00a0barrierefrei zu gestalten. Sollten Ihnen dennoch Barrieren auffallen, kontaktieren Sie uns [&hellip;]<\/p>\n","protected":false},"author":1,"featured_media":0,"parent":0,"menu_order":0,"comment_status":"closed","ping_status":"closed","template":"","meta":{"site-sidebar-layout":"default","site-content-layout":"","ast-site-content-layout":"default","site-content-style":"default","site-sidebar-style":"default","ast-global-header-display":"","ast-banner-title-visibility":"","ast-main-header-display":"","ast-hfb-above-header-display":"","ast-hfb-below-header-display":"","ast-hfb-mobile-header-display":"","site-post-title":"","ast-breadcrumbs-content":"","ast-featured-img":"","footer-sml-layout":"","ast-disable-related-posts":"","theme-transparent-header-meta":"","adv-header-id-meta":"","stick-header-meta":"","header-above-stick-meta":"","header-main-stick-meta":"","header-below-stick-meta":"","astra-migrate-meta-layouts":"set","ast-page-background-enabled":"default","ast-page-background-meta":{"desktop":{"background-color":"","background-image":"","background-repeat":"repeat","background-position":"center center","background-size":"auto","background-attachment":"scroll","background-type":"","background-media":"","overlay-type":"","overlay-color":"","overlay-opacity":"","overlay-gradient":""},"tablet":{"background-color":"","background-image":"","background-repeat":"repeat","background-position":"center center","background-size":"auto","background-attachment":"scroll","background-type":"","background-media":"","overlay-type":"","overlay-color":"","overlay-opacity":"","overlay-gradient":""},"mobile":{"background-color":"","background-image":"","background-repeat":"repeat","background-position":"center center","background-size":"auto","background-attachment":"scroll","background-type":"","background-media":"","overlay-type":"","overlay-color":"","overlay-opacity":"","overlay-gradient":""}},"ast-content-background-meta":{"desktop":{"background-color":"var(--ast-global-color-5)","background-image":"","background-repeat":"repeat","background-position":"center center","background-size":"auto","background-attachment":"scroll","background-type":"","background-media":"","overlay-type":"","overlay-color":"","overlay-opacity":"","overlay-gradient":""},"tablet":{"background-color":"var(--ast-global-color-5)","background-image":"","background-repeat":"repeat","background-position":"center center","background-size":"auto","background-attachment":"scroll","background-type":"","background-media":"","overlay-type":"","overlay-color":"","overlay-opacity":"","overlay-gradient":""},"mobile":{"background-color":"var(--ast-global-color-5)","background-image":"","background-repeat":"repeat","background-position":"center center","background-size":"auto","background-attachment":"scroll","background-type":"","background-media":"","overlay-type":"","overlay-color":"","overlay-opacity":"","overlay-gradient":""}},"footnotes":""},"class_list":["post-1718","page","type-page","status-publish","hentry"],"_links":{"self":[{"href":"http:\/\/www.teamtraining-gaggenau.de\/index.php?rest_route=\/wp\/v2\/pages\/1718","targetHints":{"allow":["GET"]}}],"collection":[{"href":"http:\/\/www.teamtraining-gaggenau.de\/index.php?rest_route=\/wp\/v2\/pages"}],"about":[{"href":"http:\/\/www.teamtraining-gaggenau.de\/index.php?rest_route=\/wp\/v2\/types\/page"}],"author":[{"embeddable":true,"href":"http:\/\/www.teamtraining-gaggenau.de\/index.php?rest_route=\/wp\/v2\/users\/1"}],"replies":[{"embeddable":true,"href":"http:\/\/www.teamtraining-gaggenau.de\/index.php?rest_route=%2Fwp%2Fv2%2Fcomments&post=1718"}],"version-history":[{"count":3,"href":"http:\/\/www.teamtraining-gaggenau.de\/index.php?rest_route=\/wp\/v2\/pages\/1718\/revisions"}],"predecessor-version":[{"id":2863,"href":"http:\/\/www.teamtraining-gaggenau.de\/index.php?rest_route=\/wp\/v2\/pages\/1718\/revisions\/2863"}],"wp:attachment":[{"href":"http:\/\/www.teamtraining-gaggenau.de\/index.php?rest_route=%2Fwp%2Fv2%2Fmedia&parent=1718"}],"curies":[{"name":"wp","href":"https:\/\/api.w.org\/{rel}","templated":true}]}}