{"id":1308,"date":"2019-01-23T06:32:08","date_gmt":"2019-01-23T05:32:08","guid":{"rendered":"http:\/\/lebenswertes-murgtal.de\/ttg\/?page_id=1308"},"modified":"2024-09-18T22:13:45","modified_gmt":"2024-09-18T20:13:45","slug":"contact-us","status":"publish","type":"page","link":"http:\/\/www.teamtraining-gaggenau.de\/?page_id=1308","title":{"rendered":"Grundschulangebote"},"content":{"rendered":"\t\t<div data-elementor-type=\"wp-post\" data-elementor-id=\"1308\" class=\"elementor elementor-1308\">\n\t\t\t\t\t\t<section class=\"elementor-section elementor-top-section elementor-element elementor-element-c368de1 elementor-section-height-min-height elementor-section-content-middle elementor-section-boxed elementor-section-height-default elementor-section-items-middle\" data-id=\"c368de1\" data-element_type=\"section\" data-e-type=\"section\" data-settings=\"{&quot;background_background&quot;:&quot;classic&quot;}\">\n\t\t\t\t\t\t\t<div class=\"elementor-background-overlay\"><\/div>\n\t\t\t\t\t\t\t<div class=\"elementor-container elementor-column-gap-no\">\n\t\t\t\t\t<div class=\"elementor-column elementor-col-66 elementor-top-column elementor-element elementor-element-399612f\" data-id=\"399612f\" data-element_type=\"column\" data-e-type=\"column\">\n\t\t\t<div class=\"elementor-widget-wrap elementor-element-populated\">\n\t\t\t\t\t\t<div class=\"elementor-element elementor-element-ba0cf68 elementor-widget elementor-widget-spacer\" data-id=\"ba0cf68\" data-element_type=\"widget\" data-e-type=\"widget\" data-widget_type=\"spacer.default\">\n\t\t\t\t<div class=\"elementor-widget-container\">\n\t\t\t\t\t\t\t<div class=\"elementor-spacer\">\n\t\t\t<div class=\"elementor-spacer-inner\"><\/div>\n\t\t<\/div>\n\t\t\t\t\t\t<\/div>\n\t\t\t\t<\/div>\n\t\t\t\t<div class=\"elementor-element elementor-element-2db65f5 elementor-widget elementor-widget-spacer\" data-id=\"2db65f5\" data-element_type=\"widget\" data-e-type=\"widget\" data-widget_type=\"spacer.default\">\n\t\t\t\t<div class=\"elementor-widget-container\">\n\t\t\t\t\t\t\t<div class=\"elementor-spacer\">\n\t\t\t<div class=\"elementor-spacer-inner\"><\/div>\n\t\t<\/div>\n\t\t\t\t\t\t<\/div>\n\t\t\t\t<\/div>\n\t\t\t\t\t<\/div>\n\t\t<\/div>\n\t\t\t\t<div class=\"elementor-column elementor-col-33 elementor-top-column elementor-element elementor-element-f98e56d\" data-id=\"f98e56d\" data-element_type=\"column\" data-e-type=\"column\">\n\t\t\t<div class=\"elementor-widget-wrap\">\n\t\t\t\t\t\t\t<\/div>\n\t\t<\/div>\n\t\t\t\t\t<\/div>\n\t\t<\/section>\n\t\t\t\t<section class=\"elementor-section elementor-top-section elementor-element elementor-element-f8e8e43 elementor-section-boxed elementor-section-height-default elementor-section-height-default\" data-id=\"f8e8e43\" data-element_type=\"section\" data-e-type=\"section\">\n\t\t\t\t\t\t<div class=\"elementor-container elementor-column-gap-no\">\n\t\t\t\t\t<div class=\"elementor-column elementor-col-33 elementor-top-column elementor-element elementor-element-a2c2832\" data-id=\"a2c2832\" data-element_type=\"column\" data-e-type=\"column\">\n\t\t\t<div class=\"elementor-widget-wrap elementor-element-populated\">\n\t\t\t\t\t\t<div class=\"elementor-element elementor-element-bbdab3c elementor-widget elementor-widget-heading\" data-id=\"bbdab3c\" data-element_type=\"widget\" data-e-type=\"widget\" data-widget_type=\"heading.default\">\n\t\t\t\t<div class=\"elementor-widget-container\">\n\t\t\t\t\t<h3 class=\"elementor-heading-title elementor-size-default\">Unsere Grundschulangebote<\/h3>\t\t\t\t<\/div>\n\t\t\t\t<\/div>\n\t\t\t\t<div class=\"elementor-element elementor-element-e7e2c5f elementor-widget elementor-widget-image\" data-id=\"e7e2c5f\" data-element_type=\"widget\" data-e-type=\"widget\" data-widget_type=\"image.default\">\n\t\t\t\t<div class=\"elementor-widget-container\">\n\t\t\t\t\t\t\t\t\t\t\t\t\t\t\t<img fetchpriority=\"high\" decoding=\"async\" width=\"540\" height=\"449\" src=\"http:\/\/www.teamtraining-gaggenau.de\/wp-content\/uploads\/2022\/05\/Grundschul.jpeg\" class=\"attachment-large size-large wp-image-2579\" alt=\"\" srcset=\"http:\/\/www.teamtraining-gaggenau.de\/wp-content\/uploads\/2022\/05\/Grundschul.jpeg 540w, http:\/\/www.teamtraining-gaggenau.de\/wp-content\/uploads\/2022\/05\/Grundschul-300x249.jpeg 300w\" sizes=\"(max-width: 540px) 100vw, 540px\" \/>\t\t\t\t\t\t\t\t\t\t\t\t\t\t\t<\/div>\n\t\t\t\t<\/div>\n\t\t\t\t\t<\/div>\n\t\t<\/div>\n\t\t\t\t<div class=\"elementor-column elementor-col-66 elementor-top-column elementor-element elementor-element-5e1f860\" data-id=\"5e1f860\" data-element_type=\"column\" data-e-type=\"column\">\n\t\t\t<div class=\"elementor-widget-wrap elementor-element-populated\">\n\t\t\t\t\t\t<div class=\"elementor-element elementor-element-96818c5 elementor-widget elementor-widget-text-editor\" data-id=\"96818c5\" data-element_type=\"widget\" data-e-type=\"widget\" data-widget_type=\"text-editor.default\">\n\t\t\t\t<div class=\"elementor-widget-container\">\n\t\t\t\t\t\t\t\t\t<p>Da die Benutzung des Niedrigseilparcours f\u00fcr Grundsch\u00fcler aufgrund der K\u00f6rpergr\u00f6\u00dfe leider nicht m\u00f6glich ist, haben wir zwei Teamtrainings-Angebote, mit denen wir gerne an ihre Schule kommen.<\/p><p>Gehen sie mit ihren Grundschulkindern auf Schatzsuche oder besuchen das Firmament bei einer Reise durch den Sternenhimmel.<\/p><p>Beide Angebote st\u00e4rken spielerisch den Zusammenhalt, erh\u00f6hen das Wir-Gef\u00fchl und f\u00f6rdern die Kommunikation. Wertsch\u00e4tzender Umgang miteinander, R\u00fccksichtnahme und Reflektion sind ebenfalls Bestandteile der Einheiten.<\/p><p>Ein Teilnahmedokument f\u00fcr die Kinder unterst\u00fctzt bei der Umsetzung des Prozesses in den Alltag.<\/p><p><u>Weitere Hinweise:<\/u><\/p><p>Die beiden Grundschulangebote haben grunds\u00e4tzlich einen Zeitrahmen von 3 Stunden (4 Schulstunden) mit Pausen.<br \/>Auf Wunsch kann das Programm nat\u00fcrlich auch verl\u00e4ngert werden. Die Teilnehmer sollen bequeme und lockere Kleidung tragen.<\/p><p>Die Veranstaltung findet in der Sporthalle, bzw. bei gutem Wetter auf einem geeigneten Freigel\u00e4nde ihrer Schule statt.<\/p><p>Unsere Trainer sind ca. 15 Minuten vor Veranstaltungsbeginn in Ihrer Schule und bereiten die \u00dcbungseinheit vor.<\/p><p>Die Anwesenheit des Klassenlehrers ist unbedingt erforderlich, denn dieser nimmt w\u00e4hrend des Trainings eine beobachtende Position ein. Mit den gewonnen Erkenntnissen zum Verhalten seiner Sch\u00fclerinnen und Sch\u00fcler l\u00e4sst sich im Nachhinein p\u00e4dagogisch sehr gut arbeiten.<\/p><p><b>Die Schatzsuche der Murgpiraten<\/b><\/p><p>Wir erwecken anhand einer Geschichte die \u00abMurgpiraten\u00bb wieder zum Leben und tauchen gemeinsam in die Vergangenheit ein. Alle \u00dcbungen und Spielen stehen im Kontext der \u00abMurgpiraten\u00bb.<\/p><p>So mussten die \u00abMurgpiraten\u00bb damals wie auch heute mit einem Flo\u00df zur Insel gelangen. Sie werden mit Hilfe der Schatzsucherkarte an die verschiedenen Stationen gef\u00fchrt, wo die Kinder unter anderem mit gef\u00e4hrlichen Drachen oder Schlangen \u00abin Ber\u00fchrung\u00bb kommen. Auch eine Spinne wartet gespannt in ihrem schwarzen Netz auf die Kinder.<\/p><p>Die Erfahrungen zeigen, dass sich die Kinder der ersten beiden Grundschulkassen gut in die Geschichte hineinversetzen k\u00f6nnen und die Abenteuer miterleben.<\/p><p><b>Gemeinsam durch den Sternenhimmel<\/b><\/p><p>Im Gegensatz zu den Murgpiraten steht hier keine Geschichte im Vordergrund.<\/p><p>Die Kinder besch\u00e4ftigen sich mit dem Thema Sternensystem, Milchstra\u00dfe und Himmel.<br \/>Wir verlassen die Erdatmosph\u00e4re, transportieren Gesteinsbrocken von fremden Planeten und reisen durch unser Sternensystem. Alle \u00dcbungen und Spiele zielen auf den Fokus \u00abGemeinschaft\u00bb, weil der Sternenhimmel eine Gemeinschaft vieler Sterne ist.<br \/>Spannend ist das Thema auch deshalb, weil die Sterne sichtbar, aber nicht greifbar sind.<\/p><p>Dieses Programm wird von uns f\u00fcr die Klassenstufen 3 und 4 empfohlen.<\/p><p>Sollten Sie unsicher sein, welches Programm f\u00fcr ihre Klasse geeignet ist, empfehlen wir Ihnen einen Anruf auf unserer Gesch\u00e4ftsstelle bei Frau Sabine Geiges, wo man Sie entsprechend beraten wird.<\/p><p>\u00a0<\/p>\t\t\t\t\t\t\t\t<\/div>\n\t\t\t\t<\/div>\n\t\t\t\t\t<\/div>\n\t\t<\/div>\n\t\t\t\t\t<\/div>\n\t\t<\/section>\n\t\t\t\t<section class=\"elementor-section elementor-top-section elementor-element elementor-element-aa93d57 elementor-section-boxed elementor-section-height-default elementor-section-height-default\" data-id=\"aa93d57\" data-element_type=\"section\" data-e-type=\"section\">\n\t\t\t\t\t\t<div class=\"elementor-container elementor-column-gap-default\">\n\t\t\t\t\t<div class=\"elementor-column elementor-col-33 elementor-top-column elementor-element elementor-element-40900fc\" data-id=\"40900fc\" data-element_type=\"column\" data-e-type=\"column\">\n\t\t\t<div class=\"elementor-widget-wrap elementor-element-populated\">\n\t\t\t\t\t\t<div class=\"elementor-element elementor-element-4e8153a elementor-widget elementor-widget-image\" data-id=\"4e8153a\" data-element_type=\"widget\" data-e-type=\"widget\" data-widget_type=\"image.default\">\n\t\t\t\t<div class=\"elementor-widget-container\">\n\t\t\t\t\t\t\t\t\t\t\t\t\t\t\t<img decoding=\"async\" width=\"640\" height=\"480\" src=\"http:\/\/www.teamtraining-gaggenau.de\/wp-content\/uploads\/2022\/05\/bild4.jpeg\" class=\"attachment-large size-large wp-image-2684\" alt=\"\" srcset=\"http:\/\/www.teamtraining-gaggenau.de\/wp-content\/uploads\/2022\/05\/bild4.jpeg 640w, http:\/\/www.teamtraining-gaggenau.de\/wp-content\/uploads\/2022\/05\/bild4-300x225.jpeg 300w\" sizes=\"(max-width: 640px) 100vw, 640px\" \/>\t\t\t\t\t\t\t\t\t\t\t\t\t\t\t<\/div>\n\t\t\t\t<\/div>\n\t\t\t\t\t<\/div>\n\t\t<\/div>\n\t\t\t\t<div class=\"elementor-column elementor-col-33 elementor-top-column elementor-element elementor-element-db41426\" data-id=\"db41426\" data-element_type=\"column\" data-e-type=\"column\">\n\t\t\t<div class=\"elementor-widget-wrap elementor-element-populated\">\n\t\t\t\t\t\t<div class=\"elementor-element elementor-element-bd57811 elementor-widget elementor-widget-image\" data-id=\"bd57811\" data-element_type=\"widget\" data-e-type=\"widget\" data-widget_type=\"image.default\">\n\t\t\t\t<div class=\"elementor-widget-container\">\n\t\t\t\t\t\t\t\t\t\t\t\t\t\t\t<img decoding=\"async\" width=\"640\" height=\"480\" src=\"http:\/\/www.teamtraining-gaggenau.de\/wp-content\/uploads\/2022\/05\/bild4a.jpeg\" class=\"attachment-large size-large wp-image-2687\" alt=\"\" srcset=\"http:\/\/www.teamtraining-gaggenau.de\/wp-content\/uploads\/2022\/05\/bild4a.jpeg 640w, http:\/\/www.teamtraining-gaggenau.de\/wp-content\/uploads\/2022\/05\/bild4a-300x225.jpeg 300w\" sizes=\"(max-width: 640px) 100vw, 640px\" \/>\t\t\t\t\t\t\t\t\t\t\t\t\t\t\t<\/div>\n\t\t\t\t<\/div>\n\t\t\t\t\t<\/div>\n\t\t<\/div>\n\t\t\t\t<div class=\"elementor-column elementor-col-33 elementor-top-column elementor-element elementor-element-b6500e5\" data-id=\"b6500e5\" data-element_type=\"column\" data-e-type=\"column\">\n\t\t\t<div class=\"elementor-widget-wrap elementor-element-populated\">\n\t\t\t\t\t\t<div class=\"elementor-element elementor-element-d0a5a43 elementor-widget elementor-widget-image\" data-id=\"d0a5a43\" data-element_type=\"widget\" data-e-type=\"widget\" data-widget_type=\"image.default\">\n\t\t\t\t<div class=\"elementor-widget-container\">\n\t\t\t\t\t\t\t\t\t\t\t\t\t\t\t<img loading=\"lazy\" decoding=\"async\" width=\"640\" height=\"480\" src=\"http:\/\/www.teamtraining-gaggenau.de\/wp-content\/uploads\/2022\/05\/bild5.jpeg\" class=\"attachment-large size-large wp-image-2688\" alt=\"\" srcset=\"http:\/\/www.teamtraining-gaggenau.de\/wp-content\/uploads\/2022\/05\/bild5.jpeg 640w, http:\/\/www.teamtraining-gaggenau.de\/wp-content\/uploads\/2022\/05\/bild5-300x225.jpeg 300w\" sizes=\"(max-width: 640px) 100vw, 640px\" \/>\t\t\t\t\t\t\t\t\t\t\t\t\t\t\t<\/div>\n\t\t\t\t<\/div>\n\t\t\t\t\t<\/div>\n\t\t<\/div>\n\t\t\t\t\t<\/div>\n\t\t<\/section>\n\t\t\t\t<section class=\"elementor-section elementor-top-section elementor-element elementor-element-86665e0 elementor-section-boxed elementor-section-height-default elementor-section-height-default\" data-id=\"86665e0\" data-element_type=\"section\" data-e-type=\"section\">\n\t\t\t\t\t\t<div class=\"elementor-container elementor-column-gap-default\">\n\t\t\t\t\t<div class=\"elementor-column elementor-col-100 elementor-top-column elementor-element elementor-element-ace87eb\" data-id=\"ace87eb\" data-element_type=\"column\" data-e-type=\"column\">\n\t\t\t<div class=\"elementor-widget-wrap elementor-element-populated\">\n\t\t\t\t\t\t<div class=\"elementor-element elementor-element-9cb98f9 elementor-widget elementor-widget-spacer\" data-id=\"9cb98f9\" data-element_type=\"widget\" data-e-type=\"widget\" data-widget_type=\"spacer.default\">\n\t\t\t\t<div class=\"elementor-widget-container\">\n\t\t\t\t\t\t\t<div class=\"elementor-spacer\">\n\t\t\t<div class=\"elementor-spacer-inner\"><\/div>\n\t\t<\/div>\n\t\t\t\t\t\t<\/div>\n\t\t\t\t<\/div>\n\t\t\t\t\t<\/div>\n\t\t<\/div>\n\t\t\t\t\t<\/div>\n\t\t<\/section>\n\t\t\t\t<\/div>\n\t\t","protected":false},"excerpt":{"rendered":"<p>Unsere Grundschulangebote Da die Benutzung des Niedrigseilparcours f\u00fcr Grundsch\u00fcler aufgrund der K\u00f6rpergr\u00f6\u00dfe leider nicht m\u00f6glich ist, haben wir zwei Teamtrainings-Angebote, mit denen wir gerne an ihre Schule kommen. Gehen sie mit ihren Grundschulkindern auf Schatzsuche oder besuchen das Firmament bei einer Reise durch den Sternenhimmel. Beide Angebote st\u00e4rken spielerisch den Zusammenhalt, erh\u00f6hen das Wir-Gef\u00fchl und [&hellip;]<\/p>\n","protected":false},"author":1,"featured_media":0,"parent":0,"menu_order":0,"comment_status":"closed","ping_status":"closed","template":"","meta":{"site-sidebar-layout":"no-sidebar","site-content-layout":"page-builder","ast-site-content-layout":"full-width-container","site-content-style":"unboxed","site-sidebar-style":"unboxed","ast-global-header-display":"","ast-banner-title-visibility":"","ast-main-header-display":"","ast-hfb-above-header-display":"","ast-hfb-below-header-display":"","ast-hfb-mobile-header-display":"","site-post-title":"disabled","ast-breadcrumbs-content":"","ast-featured-img":"disabled","footer-sml-layout":"","ast-disable-related-posts":"","theme-transparent-header-meta":"enabled","adv-header-id-meta":"","stick-header-meta":"","header-above-stick-meta":"","header-main-stick-meta":"","header-below-stick-meta":"","astra-migrate-meta-layouts":"set","ast-page-background-enabled":"default","ast-page-background-meta":{"desktop":{"background-color":"","background-image":"","background-repeat":"repeat","background-position":"center center","background-size":"auto","background-attachment":"scroll","background-type":"","background-media":"","overlay-type":"","overlay-color":"","overlay-opacity":"","overlay-gradient":""},"tablet":{"background-color":"","background-image":"","background-repeat":"repeat","background-position":"center center","background-size":"auto","background-attachment":"scroll","background-type":"","background-media":"","overlay-type":"","overlay-color":"","overlay-opacity":"","overlay-gradient":""},"mobile":{"background-color":"","background-image":"","background-repeat":"repeat","background-position":"center center","background-size":"auto","background-attachment":"scroll","background-type":"","background-media":"","overlay-type":"","overlay-color":"","overlay-opacity":"","overlay-gradient":""}},"ast-content-background-meta":{"desktop":{"background-color":"var(--ast-global-color-5)","background-image":"","background-repeat":"repeat","background-position":"center center","background-size":"auto","background-attachment":"scroll","background-type":"","background-media":"","overlay-type":"","overlay-color":"","overlay-opacity":"","overlay-gradient":""},"tablet":{"background-color":"var(--ast-global-color-5)","background-image":"","background-repeat":"repeat","background-position":"center center","background-size":"auto","background-attachment":"scroll","background-type":"","background-media":"","overlay-type":"","overlay-color":"","overlay-opacity":"","overlay-gradient":""},"mobile":{"background-color":"var(--ast-global-color-5)","background-image":"","background-repeat":"repeat","background-position":"center center","background-size":"auto","background-attachment":"scroll","background-type":"","background-media":"","overlay-type":"","overlay-color":"","overlay-opacity":"","overlay-gradient":""}},"footnotes":""},"class_list":["post-1308","page","type-page","status-publish","hentry"],"_links":{"self":[{"href":"http:\/\/www.teamtraining-gaggenau.de\/index.php?rest_route=\/wp\/v2\/pages\/1308","targetHints":{"allow":["GET"]}}],"collection":[{"href":"http:\/\/www.teamtraining-gaggenau.de\/index.php?rest_route=\/wp\/v2\/pages"}],"about":[{"href":"http:\/\/www.teamtraining-gaggenau.de\/index.php?rest_route=\/wp\/v2\/types\/page"}],"author":[{"embeddable":true,"href":"http:\/\/www.teamtraining-gaggenau.de\/index.php?rest_route=\/wp\/v2\/users\/1"}],"replies":[{"embeddable":true,"href":"http:\/\/www.teamtraining-gaggenau.de\/index.php?rest_route=%2Fwp%2Fv2%2Fcomments&post=1308"}],"version-history":[{"count":124,"href":"http:\/\/www.teamtraining-gaggenau.de\/index.php?rest_route=\/wp\/v2\/pages\/1308\/revisions"}],"predecessor-version":[{"id":2847,"href":"http:\/\/www.teamtraining-gaggenau.de\/index.php?rest_route=\/wp\/v2\/pages\/1308\/revisions\/2847"}],"wp:attachment":[{"href":"http:\/\/www.teamtraining-gaggenau.de\/index.php?rest_route=%2Fwp%2Fv2%2Fmedia&parent=1308"}],"curies":[{"name":"wp","href":"https:\/\/api.w.org\/{rel}","templated":true}]}}